{"id":2312,"date":"2024-12-13T00:05:30","date_gmt":"2024-12-13T00:05:30","guid":{"rendered":"https:\/\/cassias.com.mx\/index.php\/product\/veroli-terciopelo-verde-y-pata-nogal\/"},"modified":"2026-04-14T22:54:41","modified_gmt":"2026-04-14T22:54:41","slug":"veroli-terciopelo-verde-y-pata-nogal","status":"publish","type":"product","link":"https:\/\/cassias.com.mx\/index.php\/product\/veroli-terciopelo-verde-y-pata-nogal\/","title":{"rendered":"Veroli &#8211; terciopelo verde y pata de metal en color nogal"},"content":{"rendered":"<p>Una silla especialmente apreciada por los interioristas,<br \/>\na un alt\u00edsimo nivel de calidad y acabados,<br \/>\nen un dise\u00f1o especial de polipiel de muy alta calidad,<br \/>\nAdecuado para comedores dise\u00f1ados<\/p>\n","protected":false},"excerpt":{"rendered":"<p>Una silla especialmente apreciada por los interioristas, a un alt\u00edsimo nivel de calidad y acabados, en un dise\u00f1o especial de polipiel de muy alta calidad, Adecuado para comedores dise\u00f1ados<\/p>\n","protected":false},"featured_media":2443,"comment_status":"open","ping_status":"closed","template":"","meta":{"_acf_changed":false},"product_brand":[],"product_cat":[43,42,22,48,23],"product_tag":[71,68,39],"class_list":{"0":"post-2312","1":"product","2":"type-product","3":"status-publish","4":"has-post-thumbnail","6":"product_cat-nueva-coleccion","7":"product_cat-sale","8":"product_cat-sillas","9":"product_cat-sillas-de-comedor","10":"product_cat-todos-los-productos","11":"product_tag-patas-nogal","12":"product_tag-tapizado","13":"product_tag-verde","14":"product_shipping_class-sillas","16":"first","17":"instock","18":"sale","19":"taxable","20":"shipping-taxable","21":"purchasable","22":"product-type-simple"},"acf":[],"_links":{"self":[{"href":"https:\/\/cassias.com.mx\/index.php\/wp-json\/wp\/v2\/product\/2312","targetHints":{"allow":["GET"]}}],"collection":[{"href":"https:\/\/cassias.com.mx\/index.php\/wp-json\/wp\/v2\/product"}],"about":[{"href":"https:\/\/cassias.com.mx\/index.php\/wp-json\/wp\/v2\/types\/product"}],"replies":[{"embeddable":true,"href":"https:\/\/cassias.com.mx\/index.php\/wp-json\/wp\/v2\/comments?post=2312"}],"wp:featuredmedia":[{"embeddable":true,"href":"https:\/\/cassias.com.mx\/index.php\/wp-json\/wp\/v2\/media\/2443"}],"wp:attachment":[{"href":"https:\/\/cassias.com.mx\/index.php\/wp-json\/wp\/v2\/media?parent=2312"}],"wp:term":[{"taxonomy":"product_brand","embeddable":true,"href":"https:\/\/cassias.com.mx\/index.php\/wp-json\/wp\/v2\/product_brand?post=2312"},{"taxonomy":"product_cat","embeddable":true,"href":"https:\/\/cassias.com.mx\/index.php\/wp-json\/wp\/v2\/product_cat?post=2312"},{"taxonomy":"product_tag","embeddable":true,"href":"https:\/\/cassias.com.mx\/index.php\/wp-json\/wp\/v2\/product_tag?post=2312"}],"curies":[{"name":"wp","href":"https:\/\/api.w.org\/{rel}","templated":true}]}}