{"id":3848,"date":"2025-01-31T00:39:51","date_gmt":"2025-01-31T00:39:51","guid":{"rendered":"https:\/\/cassias.com.mx\/?page_id=3848"},"modified":"2025-01-31T01:04:02","modified_gmt":"2025-01-31T01:04:02","slug":"terminos-y-condiciones-sorteo","status":"publish","type":"page","link":"https:\/\/cassias.com.mx\/index.php\/terminos-y-condiciones-sorteo\/","title":{"rendered":"T\u00e9rminos y Condiciones &#8211; Sorteo"},"content":{"rendered":"\t\t<div data-elementor-type=\"wp-page\" data-elementor-id=\"3848\" class=\"elementor elementor-3848\" data-elementor-post-type=\"page\">\n\t\t\t\t<div class=\"elementor-element elementor-element-f5517dd e-flex e-con-boxed e-con e-parent\" data-id=\"f5517dd\" data-element_type=\"container\" data-e-type=\"container\">\n\t\t\t\t\t<div class=\"e-con-inner\">\n\t\t\t\t\t<\/div>\n\t\t\t\t<\/div>\n\t\t<div class=\"elementor-element elementor-element-4c2f222 e-flex e-con-boxed e-con e-parent\" data-id=\"4c2f222\" data-element_type=\"container\" data-e-type=\"container\">\n\t\t\t\t\t<div class=\"e-con-inner\">\n\t\t\t\t<div class=\"elementor-element elementor-element-e8487c1 elementor-widget elementor-widget-text-editor\" data-id=\"e8487c1\" data-element_type=\"widget\" data-e-type=\"widget\" data-widget_type=\"text-editor.default\">\n\t\t\t\t<div class=\"elementor-widget-container\">\n\t\t\t\t\t\t\t\t\t<p data-pm-slice=\"0 0 []\"><strong>T\u00e9rminos y Condiciones del Sorteo de Cassias<\/strong><\/p>\n<p><strong>1. Nombre del Sorteo:<\/strong><br>&#8220;Sorteo Cassias &#8211; Gana $5,000 MXN&#8221;<\/p>\n<p><strong>2. Organizador:<\/strong><br>El sorteo es organizado por LABOUTI S.A. de C.V.<\/p>\n<p><strong>3. Per\u00edodo de Participaci\u00f3n:<\/strong><br>El sorteo estar\u00e1 vigente desde el <strong>&nbsp;30 de enero de 2025<\/strong> hasta el <strong>9 de abril de 2025 a las 23:59 horas (hora de M\u00e9xico).<\/strong><\/p>\n<p><strong>4. Fecha del Sorteo:<\/strong><br>El sorteo se realizar\u00e1 el <strong>10 de abril de 2025<\/strong> y el ganador ser\u00e1 anunciado el mismo d\u00eda a trav\u00e9s de nuestras redes sociales.<\/p>\n<p><strong>5. Premio:<\/strong><br>Un premio&nbsp; de <strong>$5,000 MXN<\/strong>.<\/p>\n<p><strong>6. Requisitos para Participar:<\/strong><br>Para ser elegible en el sorteo, el participante deber\u00e1 cumplir con los siguientes requisitos:<\/p>\n<ul data-spread=\"false\">\n<li>\n<p><strong>Calificar su compra y adjuntar una foto del producto en uso en el canal de compra.<\/strong><\/p>\n<\/li>\n<li>\n<p><strong>Seguir a Cassias en nuestras redes sociales:<\/strong><\/p>\n<ul data-spread=\"false\">\n<li>\n<p>Instagram: <a href=\"https:\/\/www.instagram.com\/cassias_mx\">@cassias_mx<\/a><\/p>\n<\/li>\n<li>\n<p>TikTok: <a>@cassias_mx<\/a><\/p>\n<\/li>\n<li>\n<p>Facebook: <a href=\"https:\/\/www.facebook.com\/cassiasmexico\">Cassias M\u00e9xico<\/a><\/p>\n<\/li>\n<\/ul>\n<\/li>\n<li>\n<p><strong>Compartir su experiencia de compra en cualquiera de nuestras redes sociales y etiquetarnos en la publicaci\u00f3n.<\/strong><\/p>\n<\/li>\n<\/ul>\n<p><strong>7. Boletos para el Sorteo:<\/strong><\/p>\n<ul data-spread=\"false\">\n<li>\n<p>Cada publicaci\u00f3n con nuestro tag otorga <strong>1 boleto para el sorteo<\/strong>, con un m\u00e1ximo de <strong>3 boletos (uno por cada red social).<\/strong><\/p>\n<\/li>\n<li>\n<p>Para recibir su n\u00famero de boleto, los participantes deber\u00e1n enviar un mensaje a Cassias a trav\u00e9s de <strong>Instagram, Facebook o WhatsApp<\/strong> con una captura de pantalla de su calificaci\u00f3n y el enlace a su publicaci\u00f3n.<\/p>\n<\/li>\n<\/ul>\n<p><strong>8. Qui\u00e9nes Pueden Participar<\/strong><br>Podr\u00e1n participar todos los clientes que hayan realizado una compra en Cassias a trav\u00e9s de Mercado Libre o amazon o nuestro propio web durante el periodo de participaci\u00f3n.<\/p>\n<p><strong>9. Elecci\u00f3n del Ganador:<\/strong><br>El ganador ser\u00e1 seleccionado de manera aleatoria entre todos los boletos v\u00e1lidos registrados.<\/p>\n<p><strong>10. Notificaci\u00f3n del Ganador:<\/strong><br>El ganador ser\u00e1 contactado a trav\u00e9s de la red social donde envi\u00f3 su participaci\u00f3n y se anunciar\u00e1 en nuestras redes sociales.<\/p>\n<p><strong>11. Entrega del Premio:<\/strong><br>El ganador deber\u00e1 coordinar con Cassias la entrega del premio. Si el ganador no responde dentro de <strong>7 d\u00edas<\/strong> desde la notificaci\u00f3n, se seleccionar\u00e1 un nuevo ganador.<\/p>\n<p><strong>12. Condiciones Adicionales:<\/strong><\/p>\n<ul data-spread=\"false\">\n<li>\n<p>La participaci\u00f3n en el sorteo implica la aceptaci\u00f3n de estos t\u00e9rminos y condiciones.<\/p>\n<\/li>\n<li>\n<p>Cassias se reserva el derecho de modificar o cancelar el sorteo en cualquier momento con aviso previo.<\/p>\n<\/li>\n<\/ul>\n<p><strong>13. Contacto:<\/strong><br>Para cualquier consulta o aclaraci\u00f3n, los participantes pueden contactarnos a trav\u00e9s de nuestras redes sociales o al correo elec<\/p>\n<p>\ud83c\udf40\ud83d\udc90 \u00a1Mucha suerte a todos los participantes! \ud83d\udc90\ud83c\udf40<\/p>\t\t\t\t\t\t\t\t<\/div>\n\t\t\t\t<\/div>\n\t\t\t\t\t<\/div>\n\t\t\t\t<\/div>\n\t\t\t\t<\/div>\n\t\t","protected":false},"excerpt":{"rendered":"<p>T\u00e9rminos y Condiciones del Sorteo de Cassias 1. Nombre del Sorteo:&#8220;Sorteo Cassias &#8211; Gana $5,000 MXN&#8221; 2. Organizador:El sorteo es organizado por LABOUTI S.A. de C.V. 3. Per\u00edodo de Participaci\u00f3n:El sorteo estar\u00e1 vigente desde el &nbsp;30 de enero de 2025 hasta el 9 de abril de 2025 a las 23:59 horas (hora de M\u00e9xico). 4. [&hellip;]<\/p>\n","protected":false},"author":1,"featured_media":0,"parent":0,"menu_order":0,"comment_status":"closed","ping_status":"closed","template":"","meta":{"_acf_changed":false,"footnotes":""},"class_list":["post-3848","page","type-page","status-publish","hentry"],"acf":[],"_links":{"self":[{"href":"https:\/\/cassias.com.mx\/index.php\/wp-json\/wp\/v2\/pages\/3848","targetHints":{"allow":["GET"]}}],"collection":[{"href":"https:\/\/cassias.com.mx\/index.php\/wp-json\/wp\/v2\/pages"}],"about":[{"href":"https:\/\/cassias.com.mx\/index.php\/wp-json\/wp\/v2\/types\/page"}],"author":[{"embeddable":true,"href":"https:\/\/cassias.com.mx\/index.php\/wp-json\/wp\/v2\/users\/1"}],"replies":[{"embeddable":true,"href":"https:\/\/cassias.com.mx\/index.php\/wp-json\/wp\/v2\/comments?post=3848"}],"version-history":[{"count":13,"href":"https:\/\/cassias.com.mx\/index.php\/wp-json\/wp\/v2\/pages\/3848\/revisions"}],"predecessor-version":[{"id":3861,"href":"https:\/\/cassias.com.mx\/index.php\/wp-json\/wp\/v2\/pages\/3848\/revisions\/3861"}],"wp:attachment":[{"href":"https:\/\/cassias.com.mx\/index.php\/wp-json\/wp\/v2\/media?parent=3848"}],"curies":[{"name":"wp","href":"https:\/\/api.w.org\/{rel}","templated":true}]}}